{"id":3593,"date":"2022-11-18T04:15:36","date_gmt":"2022-11-18T04:15:36","guid":{"rendered":"https:\/\/tdcovn.com\/demo\/new_hotel\/?post_type=product&#038;p=3593"},"modified":"2022-12-20T03:55:46","modified_gmt":"2022-12-20T03:55:46","slug":"superior-room-2","status":"publish","type":"product","link":"https:\/\/elioshotel.vn\/vi\/product\/superior-room-2\/","title":{"rendered":"Superior Room"},"content":{"rendered":"<p>17 ph\u00f2ng Superior v\u1edbi 22m2, kh\u00f4ng c\u00f3 c\u1eeda s\u1ed5, m\u1ed9t gi\u01b0\u1eddng l\u1edbn ph\u00f9 h\u1ee3p cho 1 ho\u1eb7c 2 ng\u01b0\u1eddi \u1edf c\u00f9ng ph\u00f2ng. Ph\u00f2ng t\u1eafm n\u1eb1m, r\u1ed9ng r\u00e3i v\u1edbi v\u00f2i sen, n\u01b0\u1edbc n\u00f3ng l\u1ea1nh v\u1edbi \u0111\u1ea7y \u0111\u1ee7 trang thi\u1ebft b\u1ecb theo ti\u00eau chu\u1ea9n.<\/p>","protected":false},"excerpt":{"rendered":"<p>17 ph\u00f2ng Superior v\u1edbi 22m2, kh\u00f4ng c\u00f3 c\u1eeda s\u1ed5, m\u1ed9t gi\u01b0\u1eddng l\u1edbn ph\u00f9 h\u1ee3p cho 1 ho\u1eb7c 2 ng\u01b0\u1eddi \u1edf c\u00f9ng ph\u00f2ng. Ph\u00f2ng t\u1eafm n\u1eb1m, r\u1ed9ng r\u00e3i v\u1edbi v\u00f2i sen, n\u01b0\u1edbc n\u00f3ng l\u1ea1nh v\u1edbi \u0111\u1ea7y \u0111\u1ee7 trang thi\u1ebft b\u1ecb theo ti\u00eau chu\u1ea9n.<\/p>\n","protected":false},"featured_media":3397,"comment_status":"open","ping_status":"closed","template":"","meta":[],"product_cat":[28],"product_tag":[],"_links":{"self":[{"href":"https:\/\/elioshotel.vn\/vi\/wp-json\/wp\/v2\/product\/3593"}],"collection":[{"href":"https:\/\/elioshotel.vn\/vi\/wp-json\/wp\/v2\/product"}],"about":[{"href":"https:\/\/elioshotel.vn\/vi\/wp-json\/wp\/v2\/types\/product"}],"replies":[{"embeddable":true,"href":"https:\/\/elioshotel.vn\/vi\/wp-json\/wp\/v2\/comments?post=3593"}],"wp:featuredmedia":[{"embeddable":true,"href":"https:\/\/elioshotel.vn\/vi\/wp-json\/wp\/v2\/media\/3397"}],"wp:attachment":[{"href":"https:\/\/elioshotel.vn\/vi\/wp-json\/wp\/v2\/media?parent=3593"}],"wp:term":[{"taxonomy":"product_cat","embeddable":true,"href":"https:\/\/elioshotel.vn\/vi\/wp-json\/wp\/v2\/product_cat?post=3593"},{"taxonomy":"product_tag","embeddable":true,"href":"https:\/\/elioshotel.vn\/vi\/wp-json\/wp\/v2\/product_tag?post=3593"}],"curies":[{"name":"wp","href":"https:\/\/api.w.org\/{rel}","templated":true}]}}