{"id":3588,"date":"2022-11-16T10:08:49","date_gmt":"2022-11-16T10:08:49","guid":{"rendered":"https:\/\/tdcovn.com\/demo\/new_hotel\/?post_type=product&#038;p=3588"},"modified":"2022-12-20T04:11:54","modified_gmt":"2022-12-20T04:11:54","slug":"elios-suite-2","status":"publish","type":"product","link":"https:\/\/elioshotel.vn\/vi\/product\/elios-suite-2\/","title":{"rendered":"Elios Suite"},"content":{"rendered":"<p>02 ph\u00f2ng Elios Suite v\u1edbi di\u1ec7n t\u00edch 38m2, m\u1ed9t gi\u01b0\u1eddng l\u1edbn v\u00e0 c\u00f3 c\u1eeda s\u1ed1 v\u1edbi t\u1ea7m nh\u00ecn r\u1ed9ng v\u1ec1 c\u00f4ng vi\u00ean. Ph\u00f2ng t\u1eafm r\u1ed9ng r\u00e3i sang tr\u1ecdng v\u1edbi b\u1ed3n t\u1eafm Jacuzzi, n\u01b0\u1edbc n\u00f3ng l\u1ea1nh v\u00e0 \u0111\u1ea7y \u0111\u1ee7 c\u00e1c trang thi\u1ebft b\u1ecb theo ti\u00eau chu\u1ea9n.<\/p>","protected":false},"excerpt":{"rendered":"<p>02 ph\u00f2ng Elios Suite v\u1edbi di\u1ec7n t\u00edch 38m2, m\u1ed9t gi\u01b0\u1eddng l\u1edbn v\u00e0 c\u00f3 c\u1eeda s\u1ed1 v\u1edbi t\u1ea7m nh\u00ecn r\u1ed9ng v\u1ec1 c\u00f4ng vi\u00ean. Ph\u00f2ng t\u1eafm r\u1ed9ng r\u00e3i sang tr\u1ecdng v\u1edbi b\u1ed3n t\u1eafm Jacuzzi, n\u01b0\u1edbc n\u00f3ng l\u1ea1nh v\u00e0 \u0111\u1ea7y \u0111\u1ee7 c\u00e1c trang thi\u1ebft b\u1ecb theo ti\u00eau chu\u1ea9n.<\/p>\n","protected":false},"featured_media":3409,"comment_status":"open","ping_status":"closed","template":"","meta":[],"product_cat":[28],"product_tag":[],"_links":{"self":[{"href":"https:\/\/elioshotel.vn\/vi\/wp-json\/wp\/v2\/product\/3588"}],"collection":[{"href":"https:\/\/elioshotel.vn\/vi\/wp-json\/wp\/v2\/product"}],"about":[{"href":"https:\/\/elioshotel.vn\/vi\/wp-json\/wp\/v2\/types\/product"}],"replies":[{"embeddable":true,"href":"https:\/\/elioshotel.vn\/vi\/wp-json\/wp\/v2\/comments?post=3588"}],"wp:featuredmedia":[{"embeddable":true,"href":"https:\/\/elioshotel.vn\/vi\/wp-json\/wp\/v2\/media\/3409"}],"wp:attachment":[{"href":"https:\/\/elioshotel.vn\/vi\/wp-json\/wp\/v2\/media?parent=3588"}],"wp:term":[{"taxonomy":"product_cat","embeddable":true,"href":"https:\/\/elioshotel.vn\/vi\/wp-json\/wp\/v2\/product_cat?post=3588"},{"taxonomy":"product_tag","embeddable":true,"href":"https:\/\/elioshotel.vn\/vi\/wp-json\/wp\/v2\/product_tag?post=3588"}],"curies":[{"name":"wp","href":"https:\/\/api.w.org\/{rel}","templated":true}]}}