{"id":44,"date":"2022-08-15T02:47:30","date_gmt":"2022-08-15T02:47:30","guid":{"rendered":"https:\/\/ovatheme.com\/romancy\/?page_id=44"},"modified":"2022-12-23T05:10:24","modified_gmt":"2022-12-23T05:10:24","slug":"fitness","status":"publish","type":"page","link":"https:\/\/elioshotel.vn\/vi\/fitness\/","title":{"rendered":"Meetings"},"content":{"rendered":"\t\t<div data-elementor-type=\"wp-page\" data-elementor-id=\"44\" class=\"elementor elementor-44\">\n\t\t\t\t\t\t\t\t\t<section class=\"elementor-section elementor-top-section elementor-element elementor-element-b752b92 elementor-section-boxed elementor-section-height-default elementor-section-height-default\" data-id=\"b752b92\" data-element_type=\"section\">\n\t\t\t\t\t\t<div class=\"elementor-container elementor-column-gap-no\">\n\t\t\t\t\t<div class=\"elementor-column elementor-col-50 elementor-top-column elementor-element elementor-element-7f5dcf3\" data-id=\"7f5dcf3\" data-element_type=\"column\">\n\t\t\t<div class=\"elementor-widget-wrap elementor-element-populated\">\n\t\t\t\t\t\t\t\t<div class=\"elementor-element elementor-element-43ed771 elementor-widget elementor-widget-romancy_elementor_heading\" data-id=\"43ed771\" data-element_type=\"widget\" data-widget_type=\"romancy_elementor_heading.default\">\n\t\t\t\t<div class=\"elementor-widget-container\">\n\t\t\t\t\t<div class=\"ova-title\">\n\n\t\t\t\t\t\t\t<h3 class=\"sub-title\">Sun Beam &amp; Broad Room<\/h3>\n\t\t\t\n\t\t\t\t\t\t\t\n\t\t\t\t\t\t\t<h2 class=\"title\">\n\n\t\t\t\t\t\t\t\tH\u1ed9i Ngh\u1ecb\t\t\t\t\t\t\t\t \n\n\t\t\t\t\t\t\t<\/h2>\n\t\t\t\t\t\t\t\n\t\t\t\t\t\t\t<p class=\"description\"> Ph\u00f2ng h\u1ecdp v\u1edbi \u0111\u1ea7y \u0111\u1ee7 c\u00e1c trang thi\u1ebft b\u1ecb hi\u1ec7n \u0111\u1ea1i v\u00e0 ti\u1ec7n nghi:\n \nTrang thi\u1ebft b\u1ecb bao g\u1ed3m:\n  - M\u00e1y chi\u1ebfu\n  - B\u1ea3ng gi\u1ea5y\n  - B\u1ea3ng tr\u1eafng\n  - Gi\u1ea5y ghi ch\u00fa, b\u00fat vi\u1ebft\u2026\n  - V\u00e0 c\u00e1c thi\u1ebft b\u1ecb h\u1ee3p l\u00fd kh\u00e1c theo y\u00eau c\u1ea7u.\n <\/p>\n\t\t\t\n\t\t<\/div> \n\t\t \t\n\t\t\t\t<\/div>\n\t\t\t\t<\/div>\n\t\t\t\t<div class=\"elementor-element elementor-element-ec000fa elementor-widget elementor-widget-romancy_elementor_heading\" data-id=\"ec000fa\" data-element_type=\"widget\" data-widget_type=\"romancy_elementor_heading.default\">\n\t\t\t\t<div class=\"elementor-widget-container\">\n\t\t\t\t\t<div class=\"ova-title\">\n\n\t\t\t\n\t\t\t\t\t\t\t\n\t\t\t\t\t\t\t<h2 class=\"title\">\n\n\t\t\t\t\t\t\t\tSun Beam\t\t\t\t\t\t\t\t \n\n\t\t\t\t\t\t\t<\/h2>\n\t\t\t\t\t\t\t\n\t\t\t\t\t\t\t<p class=\"description\"> C\u00e1c b\u00e0i tr\u00ed <\/p>\n\t\t\t\n\t\t<\/div> \n\t\t \t\n\t\t\t\t<\/div>\n\t\t\t\t<\/div>\n\t\t\t\t<div class=\"elementor-element elementor-element-22f9f18 elementor-widget__width-initial elementor-widget elementor-widget-romancy_elementor_heading\" data-id=\"22f9f18\" data-element_type=\"widget\" data-widget_type=\"romancy_elementor_heading.default\">\n\t\t\t\t<div class=\"elementor-widget-container\">\n\t\t\t\t\t<div class=\"ova-title\">\n\n\t\t\t\n\t\t\t\t\t\t\t\n\t\t\t\t\t\t\t<h2 class=\"title\">\n\n\t\t\t\t\t\t\t\tK\u00edch th\u01b0\u1edbc\t\t\t\t\t\t\t\t \n\n\t\t\t\t\t\t\t<\/h2>\n\t\t\t\t\t\t\t\n\t\t\t\t\t\t\t<p class=\"description\">  55 m2 <\/p>\n\t\t\t\n\t\t<\/div> \n\t\t \t\n\t\t\t\t<\/div>\n\t\t\t\t<\/div>\n\t\t\t\t<div class=\"elementor-element elementor-element-65d0da9 elementor-widget__width-initial elementor-widget elementor-widget-romancy_elementor_heading\" data-id=\"65d0da9\" data-element_type=\"widget\" data-widget_type=\"romancy_elementor_heading.default\">\n\t\t\t\t<div class=\"elementor-widget-container\">\n\t\t\t\t\t<div class=\"ova-title\">\n\n\t\t\t\n\t\t\t\t\t\t\t\n\t\t\t\t\t\t\t<h2 class=\"title\">\n\n\t\t\t\t\t\t\t\tR\u1ea1p h\u00e1t\t\t\t\t\t\t\t\t \n\n\t\t\t\t\t\t\t<\/h2>\n\t\t\t\t\t\t\t\n\t\t\t\t\t\t\t<p class=\"description\"> 80ps <\/p>\n\t\t\t\n\t\t<\/div> \n\t\t \t\n\t\t\t\t<\/div>\n\t\t\t\t<\/div>\n\t\t\t\t<div class=\"elementor-element elementor-element-3697e0f elementor-widget__width-initial elementor-widget elementor-widget-romancy_elementor_heading\" data-id=\"3697e0f\" data-element_type=\"widget\" data-widget_type=\"romancy_elementor_heading.default\">\n\t\t\t\t<div class=\"elementor-widget-container\">\n\t\t\t\t\t<div class=\"ova-title\">\n\n\t\t\t\n\t\t\t\t\t\t\t\n\t\t\t\t\t\t\t<h2 class=\"title\">\n\n\t\t\t\t\t\t\t\tL\u1edbp h\u1ecdc\t\t\t\t\t\t\t\t \n\n\t\t\t\t\t\t\t<\/h2>\n\t\t\t\t\t\t\t\n\t\t\t\t\t\t\t<p class=\"description\"> 48ps <\/p>\n\t\t\t\n\t\t<\/div> \n\t\t \t\n\t\t\t\t<\/div>\n\t\t\t\t<\/div>\n\t\t\t\t<div class=\"elementor-element elementor-element-e031f2e elementor-widget__width-initial elementor-widget elementor-widget-romancy_elementor_heading\" data-id=\"e031f2e\" data-element_type=\"widget\" data-widget_type=\"romancy_elementor_heading.default\">\n\t\t\t\t<div class=\"elementor-widget-container\">\n\t\t\t\t\t<div class=\"ova-title\">\n\n\t\t\t\n\t\t\t\t\t\t\t\n\t\t\t\t\t\t\t<h2 class=\"title\">\n\n\t\t\t\t\t\t\t\tCh\u1eed U\t\t\t\t\t\t\t\t \n\n\t\t\t\t\t\t\t<\/h2>\n\t\t\t\t\t\t\t\n\t\t\t\t\t\t\t<p class=\"description\"> 36ps <\/p>\n\t\t\t\n\t\t<\/div> \n\t\t \t\n\t\t\t\t<\/div>\n\t\t\t\t<\/div>\n\t\t\t\t<div class=\"elementor-element elementor-element-505dd60 elementor-widget__width-initial elementor-widget elementor-widget-romancy_elementor_heading\" data-id=\"505dd60\" data-element_type=\"widget\" data-widget_type=\"romancy_elementor_heading.default\">\n\t\t\t\t<div class=\"elementor-widget-container\">\n\t\t\t\t\t<div class=\"ova-title\">\n\n\t\t\t\n\t\t\t\t\t\t\t\n\t\t\t\t\t\t\t<h2 class=\"title\">\n\n\t\t\t\t\t\t\t\tTi\u1ec7c \u0111\u1ee9ng\t\t\t\t\t\t\t\t \n\n\t\t\t\t\t\t\t<\/h2>\n\t\t\t\t\t\t\t\n\t\t\t\t\t\t\t<p class=\"description\"> 60ps <\/p>\n\t\t\t\n\t\t<\/div> \n\t\t \t\n\t\t\t\t<\/div>\n\t\t\t\t<\/div>\n\t\t\t\t<div class=\"elementor-element elementor-element-b92ae67 elementor-widget elementor-widget-romancy_elementor_heading\" data-id=\"b92ae67\" data-element_type=\"widget\" data-widget_type=\"romancy_elementor_heading.default\">\n\t\t\t\t<div class=\"elementor-widget-container\">\n\t\t\t\t\t<div class=\"ova-title\">\n\n\t\t\t\n\t\t\t\t\t\t\t\n\t\t\t\t\t\t\t<h2 class=\"title\">\n\n\t\t\t\t\t\t\t\tBroad Room\t\t\t\t\t\t\t\t \n\n\t\t\t\t\t\t\t<\/h2>\n\t\t\t\t\t\t\t\n\t\t\t\t\t\t\t<p class=\"description\"> C\u00e1c b\u00e0i tr\u00ed <\/p>\n\t\t\t\n\t\t<\/div> \n\t\t \t\n\t\t\t\t<\/div>\n\t\t\t\t<\/div>\n\t\t\t\t<div class=\"elementor-element elementor-element-324b758 elementor-widget__width-initial elementor-widget elementor-widget-romancy_elementor_heading\" data-id=\"324b758\" data-element_type=\"widget\" data-widget_type=\"romancy_elementor_heading.default\">\n\t\t\t\t<div class=\"elementor-widget-container\">\n\t\t\t\t\t<div class=\"ova-title\">\n\n\t\t\t\n\t\t\t\t\t\t\t\n\t\t\t\t\t\t\t<h2 class=\"title\">\n\n\t\t\t\t\t\t\t\tK\u00edch th\u01b0\u1edbc\t\t\t\t\t\t\t\t \n\n\t\t\t\t\t\t\t<\/h2>\n\t\t\t\t\t\t\t\n\t\t\t\t\t\t\t<p class=\"description\"> 12 m2 <\/p>\n\t\t\t\n\t\t<\/div> \n\t\t \t\n\t\t\t\t<\/div>\n\t\t\t\t<\/div>\n\t\t\t\t<div class=\"elementor-element elementor-element-f674cad elementor-widget__width-initial elementor-widget elementor-widget-romancy_elementor_heading\" data-id=\"f674cad\" data-element_type=\"widget\" data-widget_type=\"romancy_elementor_heading.default\">\n\t\t\t\t<div class=\"elementor-widget-container\">\n\t\t\t\t\t<div class=\"ova-title\">\n\n\t\t\t\n\t\t\t\t\t\t\t\n\t\t\t\t\t\t\t<h2 class=\"title\">\n\n\t\t\t\t\t\t\t\tCh\u1eed U\t\t\t\t\t\t\t\t \n\n\t\t\t\t\t\t\t<\/h2>\n\t\t\t\t\t\t\t\n\t\t\t\t\t\t\t<p class=\"description\"> 16 ps <\/p>\n\t\t\t\n\t\t<\/div> \n\t\t \t\n\t\t\t\t<\/div>\n\t\t\t\t<\/div>\n\t\t\t\t\t<\/div>\n\t\t<\/div>\n\t\t\t\t<div class=\"elementor-column elementor-col-50 elementor-top-column elementor-element elementor-element-d3e030e\" data-id=\"d3e030e\" data-element_type=\"column\">\n\t\t\t<div class=\"elementor-widget-wrap elementor-element-populated\">\n\t\t\t\t\t\t\t\t<div class=\"elementor-element elementor-element-75ee0b8 elementor-pagination-position-outside elementor-widget elementor-widget-image-carousel\" data-id=\"75ee0b8\" data-element_type=\"widget\" data-settings=\"{&quot;slides_to_show&quot;:&quot;1&quot;,&quot;navigation&quot;:&quot;dots&quot;,&quot;autoplay_speed&quot;:3000,&quot;autoplay&quot;:&quot;yes&quot;,&quot;pause_on_hover&quot;:&quot;yes&quot;,&quot;pause_on_interaction&quot;:&quot;yes&quot;,&quot;infinite&quot;:&quot;yes&quot;,&quot;effect&quot;:&quot;slide&quot;,&quot;speed&quot;:500}\" data-widget_type=\"image-carousel.default\">\n\t\t\t\t<div class=\"elementor-widget-container\">\n\t\t\t<style>\/*! elementor - v3.8.0 - 30-10-2022 *\/\n.elementor-widget-image-carousel .swiper-container{position:static}.elementor-widget-image-carousel .swiper-container .swiper-slide figure{line-height:inherit}.elementor-widget-image-carousel .swiper-slide{text-align:center}.elementor-image-carousel-wrapper:not(.swiper-container-initialized) .swiper-slide{max-width:calc(100% \/ var(--e-image-carousel-slides-to-show, 3))}<\/style>\t\t<div class=\"elementor-image-carousel-wrapper swiper-container\" dir=\"ltr\">\n\t\t\t<div class=\"elementor-image-carousel swiper-wrapper\">\n\t\t\t\t\t\t\t\t<div class=\"swiper-slide\"><figure class=\"swiper-slide-inner\"><img decoding=\"async\" class=\"swiper-slide-image\" src=\"https:\/\/elioshotel.vn\/wp-content\/uploads\/2022\/11\/Meeting_1.jpg\" alt=\"Meeting_1\" \/><\/figure><\/div><div class=\"swiper-slide\"><figure class=\"swiper-slide-inner\"><img decoding=\"async\" class=\"swiper-slide-image\" src=\"https:\/\/elioshotel.vn\/wp-content\/uploads\/2022\/11\/Meeting_6.jpg\" alt=\"Meeting_6\" \/><\/figure><\/div><div class=\"swiper-slide\"><figure class=\"swiper-slide-inner\"><img decoding=\"async\" class=\"swiper-slide-image\" src=\"https:\/\/elioshotel.vn\/wp-content\/uploads\/2022\/11\/Board-Room.jpg\" alt=\"Board Room\" \/><\/figure><\/div><div class=\"swiper-slide\"><figure class=\"swiper-slide-inner\"><img decoding=\"async\" class=\"swiper-slide-image\" src=\"https:\/\/elioshotel.vn\/wp-content\/uploads\/2022\/11\/Sun-Beam-2.jpg\" alt=\"Sun Beam - 2\" \/><\/figure><\/div><div class=\"swiper-slide\"><figure class=\"swiper-slide-inner\"><img decoding=\"async\" class=\"swiper-slide-image\" src=\"https:\/\/elioshotel.vn\/wp-content\/uploads\/2022\/11\/Sun-Beam-1.jpg\" alt=\"Sun Beam - 1\" \/><\/figure><\/div><div class=\"swiper-slide\"><figure class=\"swiper-slide-inner\"><img decoding=\"async\" class=\"swiper-slide-image\" src=\"https:\/\/elioshotel.vn\/wp-content\/uploads\/2022\/11\/Meeting_2.jpg\" alt=\"Meeting_2\" \/><\/figure><\/div>\t\t\t<\/div>\n\t\t\t\t\t\t\t\t\t\t\t\t<div class=\"swiper-pagination\"><\/div>\n\t\t\t\t\t\t\t\t\t\t\t\t\t<\/div>\n\t\t\t\t<\/div>\n\t\t\t\t<\/div>\n\t\t\t\t\t<\/div>\n\t\t<\/div>\n\t\t\t\t\t\t\t<\/div>\n\t\t<\/section>\n\t\t\t\t\t\t\t<\/div>\n\t\t","protected":false},"excerpt":{"rendered":"<p>Sun Beam &amp; Broad Room H\u1ed9i Ngh\u1ecb Ph\u00f2ng h\u1ecdp v\u1edbi \u0111\u1ea7y \u0111\u1ee7 c\u00e1c trang thi\u1ebft b\u1ecb hi\u1ec7n \u0111\u1ea1i v\u00e0 ti\u1ec7n nghi: Trang thi\u1ebft b\u1ecb bao g\u1ed3m: &#8211; M\u00e1y chi\u1ebfu &#8211; B\u1ea3ng gi\u1ea5y &#8211; B\u1ea3ng tr\u1eafng &#8211; Gi\u1ea5y ghi ch\u00fa, b\u00fat vi\u1ebft\u2026 &#8211; V\u00e0 c\u00e1c thi\u1ebft b\u1ecb h\u1ee3p l\u00fd kh\u00e1c theo y\u00eau c\u1ea7u. Sun Beam C\u00e1c [&hellip;]<\/p>\n","protected":false},"author":1,"featured_media":0,"parent":0,"menu_order":0,"comment_status":"closed","ping_status":"closed","template":"elementor_header_footer","meta":{"footnotes":""},"_links":{"self":[{"href":"https:\/\/elioshotel.vn\/vi\/wp-json\/wp\/v2\/pages\/44"}],"collection":[{"href":"https:\/\/elioshotel.vn\/vi\/wp-json\/wp\/v2\/pages"}],"about":[{"href":"https:\/\/elioshotel.vn\/vi\/wp-json\/wp\/v2\/types\/page"}],"author":[{"embeddable":true,"href":"https:\/\/elioshotel.vn\/vi\/wp-json\/wp\/v2\/users\/1"}],"replies":[{"embeddable":true,"href":"https:\/\/elioshotel.vn\/vi\/wp-json\/wp\/v2\/comments?post=44"}],"version-history":[{"count":73,"href":"https:\/\/elioshotel.vn\/vi\/wp-json\/wp\/v2\/pages\/44\/revisions"}],"predecessor-version":[{"id":3769,"href":"https:\/\/elioshotel.vn\/vi\/wp-json\/wp\/v2\/pages\/44\/revisions\/3769"}],"wp:attachment":[{"href":"https:\/\/elioshotel.vn\/vi\/wp-json\/wp\/v2\/media?parent=44"}],"curies":[{"name":"wp","href":"https:\/\/api.w.org\/{rel}","templated":true}]}}